{"id":4957,"date":"2024-02-01T14:46:45","date_gmt":"2024-02-01T13:46:45","guid":{"rendered":"https:\/\/retkee.com\/register\/"},"modified":"2024-03-21T09:25:26","modified_gmt":"2024-03-21T08:25:26","slug":"registrace","status":"publish","type":"page","link":"https:\/\/retkee.com\/cs\/registrace\/","title":{"rendered":"Registrace"},"content":{"rendered":"<div class=\"wppb-sc-buttons-container\"><\/div>        <form enctype=\"multipart\/form-data\" method=\"post\" id=\"wppb-register-user\" class=\"wppb-user-forms wppb-register-user wppb-user-logged-out\" action=\"https:\/\/retkee.com\/cs\/wp-json\/wp\/v2\/pages\/4957\">\n\t\t\t<ul><li class=\"wppb-form-field wppb-subscription-plans\" id=\"wppb-form-element-15\"><div class=\"pms-title-container\"><div class=\"pms-currency-switcher-container\"><label id=\"pms-currency-switcher-label\" for=\"pms-currency-switcher\">M\u011bna<\/label><select id=\"pms-currency-switcher\" name=\"pms_mc_currency\"><option value=\"CZK\"  >CZK<\/option><option value=\"USD\" selected>USD<\/option><option value=\"EUR\" >EUR<\/option><option value=\"GBP\" >GBP<\/option><\/select><\/div><\/div><div class=\"pms-subscription-plan pms-hidden pms-subscription-plan-5009\"><input type=\"hidden\" name=\"subscription_plans\" data-price=\"69\" data-duration=\"1\" data-fixed_membership=\"\" data-allow_renew=\"\" data-sign_up_fee=\"0\" data-trial=\"0\" data-recurring=\"2\" data-mc_price=\"3\" data-mc_currency=\"USD\" data-mc_currency_symbol=\"&#036;\" data-mc_sign_up_fee=\"0\" data-mc_pwyw=\"\"  value=\"5009\" \/><label><span class=\"pms-subscription-plan-name\">Retkee+<\/span><span class=\"pms-subscription-plan-price\"><span class=\"pms-divider\"> - <\/span><span class=\"pms-subscription-plan-price-value\">3<\/span> <span class=\"pms-subscription-plan-currency\">&#36;<\/span><span class=\"pms-divider pms-duration-divider\"> \/ <\/span><span class=\"pms-subscription-plan-duration\">1 m\u011bs\u00edc<\/span><\/span><span class=\"pms-subscription-plan-trial\"><\/span><span class=\"pms-subscription-plan-sign-up-fee\"><\/span><\/label><div class=\"pms-subscription-plan-description\">S TRVL+ z\u00edsk\u00e1\u0161 neomezen\u00fd p\u0159\u00edstup ke v\u0161em itiner\u00e1\u0159\u016fm.<\/div><\/div><input type=\"hidden\" name=\"pms_default_recurring\" value=\"2\" \/><div id=\"pms-subscription-plans-discount\"><label for=\"pms-subscription-plans-discount\">Slevov\u00fd k\u00f3d: <\/label><input id=\"pms_subscription_plans_discount_code\" name=\"discount_code\" placeholder=\"M\u00e1te promo k\u00f3d?\" type=\"text\" value=\"\" \/><input id=\"pms-apply-discount\" class=\"pms-submit button\" type=\"submit\" value=\"Uplatnit\"><\/span><\/div><div id=\"pms-subscription-plans-discount-messages-wrapper\"><div id=\"pms-subscription-plans-discount-messages\" ><\/div><div id=\"pms-subscription-plans-discount-messages-loading\">Pou\u017eit\u00ed slevov\u00e9ho k\u00f3du. Pros\u00edm, \u010dekejte...<\/div><\/div><\/li><li class=\"wppb-form-field wppb-default-first-name\" id=\"wppb-form-element-3\">\n\t\t\t<label for=\"first_name\">Jm\u00e9no a p\u0159\u00edjmen\u00ed<span class=\"wppb-required\" title=\"Toto pole je povinn\u00e9.\">*<\/span><\/label>\n\t\t\t<input class=\"text-input default_field_firstname \" name=\"first_name\" maxlength=\"70\" type=\"text\" id=\"first_name\" value=\"\"  \/><\/li><li class=\"wppb-form-field wppb-default-username\" id=\"wppb-form-element-2\"><\/li><li class=\"wppb-form-field wppb-default-e-mail\" id=\"wppb-form-element-8\">\n\t\t\t<label for=\"email\">E-mail<span class=\"wppb-required\" title=\"Toto pole je povinn\u00e9.\">*<\/span><\/label>\n\t\t\t<input class=\"text-input default_field_email \" name=\"email\" maxlength=\"70\" type=\"email\" id=\"email\" value=\"\"   \/><\/li><li class=\"wppb-form-field wppb-default-password\" id=\"wppb-form-element-12\">\n\t\t\t<label for=\"passw1\">Heslo<span class=\"wppb-required\" title=\"Toto pole je povinn\u00e9.\">*<\/span><\/label>\n            <span class=\"wppb-password-field-container\">\n\t\t\t    <input class=\"text-input \" name=\"passw1\" maxlength=\"70\" type=\"password\" id=\"passw1\" value=\"\" autocomplete=\"off\" \/>\n\t\t\t     <!-- add the HTML for the visibility toggle -->\n\t\t\t<\/span><span class=\"wppb-description-delimiter\"> <\/span><\/li><li class=\"wppb-form-field wppb-default-contact-info-heading\" id=\"wppb-form-element-16\"><h4>Zadejte sv\u00e9 \u00fadaje<\/h4><span class=\"wppb-description-delimiter \"><\/span><\/li><li class=\"wppb-form-field wppb-checkbox-terms-and-conditions\" id=\"wppb-form-element-17\">\n\t\t\t\t<label for=\"checkbox-terms\">\n\t\t\t\t<input value=\"agree\" name=\"checkbox-terms\" id=\"checkbox-terms\" type=\"checkbox\" class=\"custom_field_toa\"   \/><p>Souhlas\u00edm se v\u0161eobecn\u00fdmi <a href=\"https:\/\/retkee.com\/vseobecne-obchodni-podminky\/\" target=\"_blank\" title=\"Podm\u00ednky u\u017e\u00edv\u00e1n\u00ed a ochrana osobn\u00edch \u00fadaj\u016f\">obchodn\u00edmi podm\u00ednkami<\/a>, <a href=\"https:\/\/retkee.com\/ochrana-osobnich-udaju\/\" target=\"_blank\" title=\"Podm\u00ednky u\u017e\u00edv\u00e1n\u00ed a ochrana osobn\u00edch \u00fadaj\u016f\">podm\u00ednkami u\u017e\u00edvan\u00ed webu a se zpracov\u00e1n\u00edm osobn\u00edch \u00fadaj\u016f<\/a>.<\/p><span class=\"wppb-required\" title=\"Toto pole je povinn\u00e9.\">*<\/span><\/label><span class=\"agree_to_terms\"><\/span><\/li><li class=\"wppb-form-field wppb-gdpr-checkbox wppb-checkbox\" id=\"wppb-form-element-18\">\n\t\t\t\t<label for=\"user_consent_gdpr\">\n\t\t\t\t<input value=\"agree\" name=\"user_consent_gdpr\" id=\"user_consent_gdpr\" type=\"checkbox\" class=\"custom_field_gdpr\"   \/><span>Chci dost\u00e1vat aktualizace itiner\u00e1\u0159\u016f, nejnov\u011bj\u0161\u00ed nab\u00eddky a novinky a tipy na v\u00fdlety do e-mailu.<\/span><\/label><\/li><li class=\"wppb-form-field wppb-default-name-heading\" id=\"wppb-form-element-19\"><h4>Vyberte mo\u017enost<\/h4><span class=\"wppb-description-delimiter \"><\/span><\/li><li class=\"wppb-form-field wppb-recaptcha wppb-recaptcha-invisible\" id=\"wppb-form-element-20\"><div id=\"wppb-recaptcha-element-pb_register1\" class=\"wppb-recaptcha-element wppb-invisible-recaptcha\"><\/div><\/li><div id=\"pms-paygates-wrapper\"><input type=\"hidden\" class=\"pms_pay_gate\" name=\"pay_gate\" value=\"stripe_connect\" data-sign_up_fee=\"1\" data-trial=\"1\" data-recurring=\"1\"  data-type=\"extra_fields\" \/><\/div><input type=\"hidden\" id=\"pms-process-checkout-nonce\" name=\"pms_process_checkout_nonce\" value=\"a90371641a\"\/><input type=\"hidden\" id=\"stripe-pk\" value=\"pk_live_51OmF9OL45JVtT1xFe0HidM4w61HUyPbGAvRDquqLpe1n98Yv3VnLMoS8ppkgymQdNO0guQiIqqCuopaseq6Z1Ite00u92Mdb4T\" \/><input type=\"hidden\" name=\"pms_stripe_connect_payment_intent\" value=\"\"\/><input type=\"hidden\" name=\"pms_stripe_connect_setup_intent\" value=\"\"\/><input type=\"hidden\" id=\"pms-stripe-ajax-update-payment-intent-nonce\" name=\"stripe_ajax_update_payment_intent_nonce\" value=\"12a008d26a\"\/><ul id=\"pms-stripe-connect\" class=\"pms-field-section pms-paygate-extra-fields pms-paygate-extra-fields-stripe_connect\"><li class=\"pms-field pms-field-type-heading \"><h3>Platebn\u00ed \u00fadaje<\/h3><\/li><div class=\"pms-spinner__holder\"><div class=\"pms-spinner\"><\/div><\/div><div id=\"pms-stripe-payment-elements\" style=\"display:none\"><\/div><\/ul><\/ul><span id=\"pms-submit-button-loading-placeholder-text\" style=\"display: none;\">Zpracov\u00e1v\u00e1 se. Pros\u00edm, \u010dekejte...<\/span><\/ul><ul><input id=\"send_credentials_via_email\" type=\"hidden\" name=\"send_credentials_via_email\" value=\"sending\"\/><\/ul>\t\t\t<p class=\"form-submit\"  >\n\t\t\t\t                \t\t\t\t<input name=\"register\" type=\"submit\" id=\"register\" class=\"submit button\" value=\"Dokon\u010dit\" \/>\n                <input name=\"redirect_to\" type=\"hidden\" value=\"\" \/>\n                \t\t\t\t<input name=\"action\" type=\"hidden\" id=\"action\" value=\"register\" \/>\n\t\t\t\t<input name=\"form_name\" type=\"hidden\" id=\"form_name\" value=\"unspecified\" \/>\n\t\t\t\t<input name=\"form_id\" type=\"hidden\" id=\"form_id\" value=\"\" \/>\n\t\t\t\t<input type=\"hidden\" name=\"wppb_referer_url\" value=\"\"\/>\t\t\t<\/p><!-- .form-submit -->\n\t\t\t<input type=\"hidden\" id=\"register_unspecified_nonce_field\" name=\"register_unspecified_nonce_field\" value=\"83dc5ec890\" \/><input type=\"hidden\" name=\"_wp_http_referer\" value=\"\/cs\/wp-json\/wp\/v2\/pages\/4957\" \/>\t\t<\/form>\n\t\t\n","protected":false},"excerpt":{"rendered":"","protected":false},"author":1,"featured_media":0,"parent":0,"menu_order":0,"comment_status":"closed","ping_status":"closed","template":"registerPage.php","meta":{"_acf_changed":false,"footnotes":""},"class_list":["post-4957","page","type-page","status-publish","hentry"],"acf":[],"_links":{"self":[{"href":"https:\/\/retkee.com\/wp-json\/wp\/v2\/pages\/4957","targetHints":{"allow":["GET"]}}],"collection":[{"href":"https:\/\/retkee.com\/wp-json\/wp\/v2\/pages"}],"about":[{"href":"https:\/\/retkee.com\/wp-json\/wp\/v2\/types\/page"}],"author":[{"embeddable":true,"href":"https:\/\/retkee.com\/wp-json\/wp\/v2\/users\/1"}],"replies":[{"embeddable":true,"href":"https:\/\/retkee.com\/wp-json\/wp\/v2\/comments?post=4957"}],"version-history":[{"count":0,"href":"https:\/\/retkee.com\/wp-json\/wp\/v2\/pages\/4957\/revisions"}],"wp:attachment":[{"href":"https:\/\/retkee.com\/wp-json\/wp\/v2\/media?parent=4957"}],"curies":[{"name":"wp","href":"https:\/\/api.w.org\/{rel}","templated":true}]}}