{"id":4960,"date":"2024-02-01T14:46:46","date_gmt":"2024-02-01T13:46:46","guid":{"rendered":"https:\/\/retkee.com\/password-reset\/"},"modified":"2025-08-08T18:39:35","modified_gmt":"2025-08-08T16:39:35","slug":"zapomenute-heslo","status":"publish","type":"page","link":"https:\/\/retkee.com\/cs\/zapomenute-heslo\/","title":{"rendered":"Zapomenut\u00e9 heslo"},"content":{"rendered":"<div class=\"wppb_holder\" id=\"wppb-recover-password-container\">\t<form enctype=\"multipart\/form-data\" method=\"post\" id=\"wppb-recover-password\" class=\"wppb-user-forms\" action=\"https:\/\/retkee.com\/cs\/wp-json\/wp\/v2\/pages\/4960\">\n\t<p>Zadejte pros\u00edm v\u00e1\u0161 e-mail nebo u\u017eivatelsk\u00e9 jm\u00e9no.<br \/>Po odesl\u00e1n\u00ed formul\u00e1\u0159e obdr\u017e\u00edte odkaz pro obnoven\u00ed hesla do va\u0161eho e-mailu.<\/p><ul>\n\t\t\t<li class=\"wppb-form-field wppb-username-email\">\n\t\t\t\t<label for=\"username_email\">U\u017eivatelsk\u00e9 jm\u00e9no nebo e-mail<\/label>\n\t\t\t\t<input class=\"text-input\" name=\"username_email\" type=\"text\" id=\"username_email\" value=\"\"  \/>\n\t\t\t<\/li><!-- .username_email --><\/ul>\t<p class=\"form-submit\">\n\t\t\t\t<input name=\"recover_password\" type=\"submit\" id=\"wppb-recover-password-button\" class=\"submit button\" value=\"Get Reset Link\" \/>\n\t\t<input name=\"action\" type=\"hidden\" id=\"action\" value=\"recover_password\" \/>\n\t<\/p>\n\t<input type=\"hidden\" id=\"password_recovery_nonce_field\" name=\"password_recovery_nonce_field\" value=\"dd2e02ed3c\" \/><input type=\"hidden\" name=\"_wp_http_referer\" value=\"\/cs\/wp-json\/wp\/v2\/pages\/4960\" \/>\t<\/form>\n\t<\/div>\n","protected":false},"excerpt":{"rendered":"","protected":false},"author":1,"featured_media":0,"parent":0,"menu_order":0,"comment_status":"closed","ping_status":"closed","template":"passwordPage.php","meta":{"_acf_changed":false,"footnotes":""},"class_list":["post-4960","page","type-page","status-publish","hentry"],"acf":[],"_links":{"self":[{"href":"https:\/\/retkee.com\/wp-json\/wp\/v2\/pages\/4960","targetHints":{"allow":["GET"]}}],"collection":[{"href":"https:\/\/retkee.com\/wp-json\/wp\/v2\/pages"}],"about":[{"href":"https:\/\/retkee.com\/wp-json\/wp\/v2\/types\/page"}],"author":[{"embeddable":true,"href":"https:\/\/retkee.com\/wp-json\/wp\/v2\/users\/1"}],"replies":[{"embeddable":true,"href":"https:\/\/retkee.com\/wp-json\/wp\/v2\/comments?post=4960"}],"version-history":[{"count":1,"href":"https:\/\/retkee.com\/wp-json\/wp\/v2\/pages\/4960\/revisions"}],"predecessor-version":[{"id":21352,"href":"https:\/\/retkee.com\/wp-json\/wp\/v2\/pages\/4960\/revisions\/21352"}],"wp:attachment":[{"href":"https:\/\/retkee.com\/wp-json\/wp\/v2\/media?parent=4960"}],"curies":[{"name":"wp","href":"https:\/\/api.w.org\/{rel}","templated":true}]}}